{"id":87,"date":"2024-05-01T19:47:51","date_gmt":"2024-05-01T22:47:51","guid":{"rendered":"https:\/\/bsbtraducoes.com\/es\/?page_id=87"},"modified":"2024-08-09T09:38:15","modified_gmt":"2024-08-09T12:38:15","slug":"politica-de-privacidad","status":"publish","type":"page","link":"https:\/\/bsbtraducoes.com\/es\/politica-de-privacidad\/","title":{"rendered":"Pol\u00edtica de privacidad"},"content":{"rendered":"\t\t<div data-elementor-type=\"wp-page\" data-elementor-id=\"87\" class=\"elementor elementor-87\" data-elementor-post-type=\"page\">\n\t\t\t\t<div class=\"elementor-element elementor-element-10825ac e-con-full e-flex e-con e-parent\" data-id=\"10825ac\" data-element_type=\"container\" data-e-type=\"container\" data-settings=\"{&quot;background_background&quot;:&quot;classic&quot;}\">\n\t\t\t\t<\/div>\n\t\t<div class=\"elementor-element elementor-element-667b80d e-flex e-con-boxed e-con e-parent\" data-id=\"667b80d\" data-element_type=\"container\" data-e-type=\"container\">\n\t\t\t\t\t<div class=\"e-con-inner\">\n\t\t\t\t<div class=\"elementor-element elementor-element-27f81eb elementor-widget elementor-widget-text-editor\" data-id=\"27f81eb\" data-element_type=\"widget\" data-e-type=\"widget\" data-widget_type=\"text-editor.default\">\n\t\t\t\t<div class=\"elementor-widget-container\">\n\t\t\t\t\t\t\t\t\t<h3>Pol\u00edtica de Privacidad<\/h3><p>Su privacidad es importante para nosotros. Es pol\u00edtica de BSB Tradu\u00e7\u00f5es respetar su privacidad con respecto a cualquier informaci\u00f3n suya que podamos recopilar en el sitio BSB Tradu\u00e7\u00f5es y otros sitios que poseemos y operamos.<\/p><p>Solicitamos informaci\u00f3n personal solo cuando realmente la necesitamos para proporcionarle un servicio. Lo hacemos por medios justos y legales, con su conocimiento y consentimiento. Tambi\u00e9n le informamos por qu\u00e9 estamos recopilando y c\u00f3mo ser\u00e1 utilizada.<\/p><p>Solo retenemos la informaci\u00f3n recopilada durante el tiempo necesario para proporcionar el servicio solicitado. Cuando almacenamos datos, los protegemos dentro de medios comercialmente aceptables para evitar p\u00e9rdidas y robos, as\u00ed como el acceso, divulgaci\u00f3n, copia, uso o modificaci\u00f3n no autorizados.<\/p><p>No compartimos informaci\u00f3n de identificaci\u00f3n personal p\u00fablicamente ni con terceros, excepto cuando lo exija la ley.<\/p><p>Nuestro sitio web puede tener enlaces a sitios externos que no son operados por nosotros. Tenga en cuenta que no tenemos control sobre el contenido y las pr\u00e1cticas de esos sitios y no podemos aceptar responsabilidad por sus respectivas pol\u00edticas de privacidad.<\/p><p>Usted es libre de rechazar nuestra solicitud de informaci\u00f3n personal, entendiendo que quiz\u00e1s no podamos proporcionar algunos de los servicios deseados.<\/p><p>El uso continuado de nuestro sitio ser\u00e1 considerado como aceptaci\u00f3n de nuestras pr\u00e1cticas en torno a la privacidad y la informaci\u00f3n personal. Si tiene alguna pregunta sobre c\u00f3mo manejamos los datos del usuario y la informaci\u00f3n personal, cont\u00e1ctenos.<\/p><p>El servicio Google AdSense que usamos para mostrar publicidad utiliza una cookie DoubleClick para ofrecer anuncios m\u00e1s relevantes en toda la Web y limitar el n\u00famero de veces que se le muestra un determinado anuncio. Para obtener m\u00e1s informaci\u00f3n sobre Google AdSense, consulte las preguntas frecuentes oficiales sobre privacidad de Google AdSense.<\/p><p>Utilizamos anuncios para compensar los costos de funcionamiento de este sitio y proporcionar financiaci\u00f3n para futuros desarrollos. Las cookies de publicidad conductual utilizadas por este sitio est\u00e1n dise\u00f1adas para garantizar que le ofrezcamos los anuncios m\u00e1s relevantes siempre que sea posible, rastreando de manera an\u00f3nima sus intereses y presentando cosas similares que puedan ser de su inter\u00e9s.<\/p><p>Varios socios anuncian en nuestro nombre y las cookies de seguimiento de afiliados simplemente nos permiten ver si nuestros clientes accedieron al sitio a trav\u00e9s de uno de los sitios de nuestros socios, para que podamos acreditarlos adecuadamente y, cuando sea aplicable, permitir que nuestros socios afiliados ofrezcan cualquier promoci\u00f3n que puedan proporcionarle para realizar una compra.<\/p><h3>Compromiso del Usuario<\/h3><p>El usuario se compromete a hacer un uso adecuado de los contenidos y de la informaci\u00f3n que BSB Tradu\u00e7\u00f5es ofrece en el sitio y con car\u00e1cter enunciativo, pero no limitativo:<\/p><p>A) No realizar actividades que sean ilegales o contrarias a la buena fe y al orden p\u00fablico;<\/p><p>B) No difundir propaganda o contenido de naturaleza racista, xenof\u00f3bica, apuestas, cualquier tipo de pornograf\u00eda ilegal, apolog\u00eda del terrorismo o contra los derechos humanos;<\/p><p>C) No causar da\u00f1os a los sistemas f\u00edsicos (hardware) y l\u00f3gicos (software) de BSB Tradu\u00e7\u00f5es, de sus proveedores o terceros, para introducir o difundir virus inform\u00e1ticos o cualquier otro sistema de hardware o software que sea capaz de causar da\u00f1os anteriormente mencionados.<\/p><h3>M\u00e1s Informaci\u00f3n<\/h3><p>Esperamos que est\u00e9 aclarado y, como se mencion\u00f3 anteriormente, si hay algo de lo que no est\u00e1 seguro si necesita o no, generalmente es m\u00e1s seguro dejar las cookies activadas, en caso de que interact\u00fae con una de las caracter\u00edsticas que utiliza en nuestro sitio.<\/p><p>Esta pol\u00edtica es efectiva a partir de agosto de 2024.<\/p>\t\t\t\t\t\t\t\t<\/div>\n\t\t\t\t<\/div>\n\t\t\t\t\t<\/div>\n\t\t\t\t<\/div>\n\t\t\t\t<\/div>\n\t\t","protected":false},"excerpt":{"rendered":"<p>Pol\u00edtica de Privacidad Su privacidad es importante para nosotros. Es pol\u00edtica de BSB Tradu\u00e7\u00f5es respetar su privacidad con respecto a cualquier informaci\u00f3n suya que podamos recopilar en el sitio BSB Tradu\u00e7\u00f5es y otros sitios que poseemos y operamos. Solicitamos informaci\u00f3n personal solo cuando realmente la necesitamos para proporcionarle un servicio. Lo hacemos por medios justos [&hellip;]<\/p>\n","protected":false},"author":1,"featured_media":0,"parent":0,"menu_order":0,"comment_status":"closed","ping_status":"closed","template":"elementor_header_footer","meta":{"footnotes":""},"class_list":["post-87","page","type-page","status-publish","hentry"],"_links":{"self":[{"href":"https:\/\/bsbtraducoes.com\/es\/wp-json\/wp\/v2\/pages\/87","targetHints":{"allow":["GET"]}}],"collection":[{"href":"https:\/\/bsbtraducoes.com\/es\/wp-json\/wp\/v2\/pages"}],"about":[{"href":"https:\/\/bsbtraducoes.com\/es\/wp-json\/wp\/v2\/types\/page"}],"author":[{"embeddable":true,"href":"https:\/\/bsbtraducoes.com\/es\/wp-json\/wp\/v2\/users\/1"}],"replies":[{"embeddable":true,"href":"https:\/\/bsbtraducoes.com\/es\/wp-json\/wp\/v2\/comments?post=87"}],"version-history":[{"count":0,"href":"https:\/\/bsbtraducoes.com\/es\/wp-json\/wp\/v2\/pages\/87\/revisions"}],"wp:attachment":[{"href":"https:\/\/bsbtraducoes.com\/es\/wp-json\/wp\/v2\/media?parent=87"}],"curies":[{"name":"wp","href":"https:\/\/api.w.org\/{rel}","templated":true}]}}