{"id":88,"date":"2024-05-01T19:47:10","date_gmt":"2024-05-01T22:47:10","guid":{"rendered":"https:\/\/bsbtraducoes.com\/es\/?page_id=88"},"modified":"2024-08-09T09:40:39","modified_gmt":"2024-08-09T12:40:39","slug":"terminos-de-uso","status":"publish","type":"page","link":"https:\/\/bsbtraducoes.com\/es\/terminos-de-uso\/","title":{"rendered":"Terminos de uso"},"content":{"rendered":"\t\t<div data-elementor-type=\"wp-page\" data-elementor-id=\"88\" class=\"elementor elementor-88\" data-elementor-post-type=\"page\">\n\t\t\t\t<div class=\"elementor-element elementor-element-caeb0fe e-con-full e-flex e-con e-parent\" data-id=\"caeb0fe\" data-element_type=\"container\" data-e-type=\"container\" data-settings=\"{&quot;background_background&quot;:&quot;classic&quot;}\">\n\t\t\t\t<\/div>\n\t\t<div class=\"elementor-element elementor-element-b319eb6 e-flex e-con-boxed e-con e-parent\" data-id=\"b319eb6\" data-element_type=\"container\" data-e-type=\"container\">\n\t\t\t\t\t<div class=\"e-con-inner\">\n\t\t\t\t<div class=\"elementor-element elementor-element-95ebab5 elementor-widget elementor-widget-text-editor\" data-id=\"95ebab5\" data-element_type=\"widget\" data-e-type=\"widget\" data-widget_type=\"text-editor.default\">\n\t\t\t\t<div class=\"elementor-widget-container\">\n\t\t\t\t\t\t\t\t\t<h3>1. T\u00e9rminos<\/h3><p>Al acceder al sitio BSB Tradu\u00e7\u00f5es, usted acepta cumplir con estos t\u00e9rminos de servicio, todas las leyes y regulaciones aplicables y acepta que es responsable de cumplir con todas las leyes locales aplicables. Si no est\u00e1 de acuerdo con alguno de estos t\u00e9rminos, tiene prohibido usar o acceder a este sitio. Los materiales contenidos en este sitio est\u00e1n protegidos por las leyes de derechos de autor y marcas comerciales aplicables.<\/p><h3>2. Uso de Licencia<\/h3><p>Se concede permiso para descargar temporalmente una copia de los materiales (informaci\u00f3n o software) en el sitio BSB Tradu\u00e7\u00f5es, solo para visualizaci\u00f3n personal y no comercial. Esta es la concesi\u00f3n de una licencia, no una transferencia de t\u00edtulo y, bajo esta licencia, usted no puede:<\/p><ul><li>Modificar o copiar los materiales;<\/li><li>Usar los materiales para cualquier prop\u00f3sito comercial o para exhibici\u00f3n p\u00fablica (comercial o no comercial);<\/li><li>Intentar descompilar o realizar ingenier\u00eda inversa de cualquier software contenido en el sitio BSB Tradu\u00e7\u00f5es;<\/li><li>Eliminar cualquier derecho de autor u otras notaciones de propiedad de los materiales; o<\/li><li>Transferir los materiales a otra persona o &#8216;reflejar&#8217; los materiales en cualquier otro servidor.<\/li><\/ul><p>Esta licencia se terminar\u00e1 autom\u00e1ticamente si usted viola alguna de estas restricciones y puede ser terminada por BSB Tradu\u00e7\u00f5es en cualquier momento. Al finalizar la visualizaci\u00f3n de estos materiales o al finalizar esta licencia, usted debe eliminar todos los materiales descargados en su posesi\u00f3n, ya sea en formato electr\u00f3nico o impreso.<\/p><h3>3. Exenci\u00f3n de Responsabilidad<\/h3><p>Los materiales en el sitio de BSB Traducciones se proporcionan \u00abtal cual\u00bb. BSB Tradu\u00e7\u00f5es no ofrece garant\u00edas, expresas o impl\u00edcitas, y por este medio renuncia y niega todas las dem\u00e1s garant\u00edas, incluidas, sin limitaci\u00f3n, garant\u00edas impl\u00edcitas o condiciones de comercializaci\u00f3n, idoneidad para un prop\u00f3sito particular o no infracci\u00f3n de propiedad intelectual u otra violaci\u00f3n de derechos. Adem\u00e1s, BSB Tradu\u00e7\u00f5es no garantiza ni realiza ninguna representaci\u00f3n con respecto a la precisi\u00f3n, los resultados probables o la fiabilidad del uso de los materiales en su sitio o de otra manera relacionados con estos materiales o en sitios vinculados a este sitio.<\/p><h3>4. Limitaciones<\/h3><p>En ning\u00fan caso BSB Tradu\u00e7\u00f5es o sus proveedores ser\u00e1n responsables de ning\u00fan da\u00f1o (incluidos, sin limitaci\u00f3n, da\u00f1os por p\u00e9rdida de datos o beneficios o debido a la interrupci\u00f3n del negocio) que surja del uso o la incapacidad de usar los materiales en BSB Tradu\u00e7\u00f5es, incluso si BSB Tradu\u00e7\u00f5es o un representante autorizado de BSB Tradu\u00e7\u00f5es ha sido notificado verbalmente o por escrito de la posibilidad de tales da\u00f1os. Dado que algunas jurisdicciones no permiten limitaciones en garant\u00edas impl\u00edcitas, o limitaciones de responsabilidad por da\u00f1os consecuentes o incidentales, estas limitaciones pueden no aplicarse a usted.<\/p><h3>5. Precisi\u00f3n de los Materiales<\/h3><p>Los materiales exhibidos en el sitio de BSB Tradu\u00e7\u00f5es pueden incluir errores t\u00e9cnicos, tipogr\u00e1ficos o fotogr\u00e1ficos. BSB Tradu\u00e7\u00f5es no garantiza que cualquier material en su sitio sea preciso, completo o actual. BSB Traducciones puede hacer cambios en los materiales contenidos en su sitio en cualquier momento, sin previo aviso. Sin embargo, BSB Tradu\u00e7\u00f5es no se compromete a actualizar los materiales.<\/p><h3>6. Enlaces<\/h3><p>BSB Tradu\u00e7\u00f5es no ha revisado todos los sitios vinculados a su sitio y no es responsable del contenido de ning\u00fan sitio vinculado. La inclusi\u00f3n de cualquier enlace no implica respaldo por parte de BSB Tradu\u00e7\u00f5es del sitio. El uso de cualquier sitio vinculado es por cuenta y riesgo del usuario.<\/p><hr \/><h3>Modificaciones<\/h3><p>BSB Tradu\u00e7\u00f5es puede revisar estos t\u00e9rminos de servicio del sitio en cualquier momento, sin previo aviso. Al utilizar este sitio, usted acepta estar sujeto a la versi\u00f3n actual de estos t\u00e9rminos de servicio.<\/p><h3>Ley Aplicable<\/h3><p>Estos t\u00e9rminos y condiciones se rigen e interpretan de acuerdo con las leyes de BSB Tradu\u00e7\u00f5es y usted se somete irrevocablemente a la jurisdicci\u00f3n exclusiva de los tribunales en ese estado o localidad.<\/p>\t\t\t\t\t\t\t\t<\/div>\n\t\t\t\t<\/div>\n\t\t\t\t\t<\/div>\n\t\t\t\t<\/div>\n\t\t\t\t<\/div>\n\t\t","protected":false},"excerpt":{"rendered":"<p>1. T\u00e9rminos Al acceder al sitio BSB Tradu\u00e7\u00f5es, usted acepta cumplir con estos t\u00e9rminos de servicio, todas las leyes y regulaciones aplicables y acepta que es responsable de cumplir con todas las leyes locales aplicables. Si no est\u00e1 de acuerdo con alguno de estos t\u00e9rminos, tiene prohibido usar o acceder a este sitio. Los materiales [&hellip;]<\/p>\n","protected":false},"author":1,"featured_media":0,"parent":0,"menu_order":0,"comment_status":"closed","ping_status":"closed","template":"elementor_header_footer","meta":{"footnotes":""},"class_list":["post-88","page","type-page","status-publish","hentry"],"_links":{"self":[{"href":"https:\/\/bsbtraducoes.com\/es\/wp-json\/wp\/v2\/pages\/88","targetHints":{"allow":["GET"]}}],"collection":[{"href":"https:\/\/bsbtraducoes.com\/es\/wp-json\/wp\/v2\/pages"}],"about":[{"href":"https:\/\/bsbtraducoes.com\/es\/wp-json\/wp\/v2\/types\/page"}],"author":[{"embeddable":true,"href":"https:\/\/bsbtraducoes.com\/es\/wp-json\/wp\/v2\/users\/1"}],"replies":[{"embeddable":true,"href":"https:\/\/bsbtraducoes.com\/es\/wp-json\/wp\/v2\/comments?post=88"}],"version-history":[{"count":0,"href":"https:\/\/bsbtraducoes.com\/es\/wp-json\/wp\/v2\/pages\/88\/revisions"}],"wp:attachment":[{"href":"https:\/\/bsbtraducoes.com\/es\/wp-json\/wp\/v2\/media?parent=88"}],"curies":[{"name":"wp","href":"https:\/\/api.w.org\/{rel}","templated":true}]}}